{"id":324,"date":"2024-04-16T07:42:24","date_gmt":"2024-04-16T07:42:24","guid":{"rendered":"http:\/\/audihungaria2023.local\/impressum\/"},"modified":"2024-04-19T13:57:47","modified_gmt":"2024-04-19T13:57:47","slug":"imprint","status":"publish","type":"page","link":"https:\/\/audihungaria2023.audiportal.hu\/en\/imprint\/","title":{"rendered":"Imprint"},"content":{"rendered":"\n<h2 class=\"wp-block-heading\">Imprint<\/h2>\n\n\n<p>PUBLISHER: AUDI HUNGARIA Zrt. (9027 Gy\u0151r, Audi Hung\u00e1ria \u00fat 1., Tel.: +36 96 663 300, e-mail: pr@audi.hu, www.audi.hu.),<\/p>\n<p>Corporate Communications: P\u00e9ter L\u0151re;<\/p>\n<p>EDITOR-IN-CHIEF: R\u00e9ka Jakab.<\/p>\n<p>EDITORS: Krisztina Erd\u00e9lyi, Barbara Moln\u00e1r, Attila R\u00e1cz, Regina Sebesty\u00e9n, Enik\u0151 Tak\u00e1cs, Vivien Tarj\u00e1nyi, Anik\u00f3 T\u00f3th-Kunos, Gregor Wenk.<\/p>\n<p>CREATIVE DESIGN AND PROJECT COORDINATION: Hamu \u00e9s Gy\u00e9m\u00e1nt Kft. (1024 Budapest, Margit krt. 5\/a.),<\/p>\n<p>EXECUTIVE DIRECTOR: Gergely Katona;<\/p>\n<p>EDITOR-IN-CHIEF: T\u00fcnde Szarka;<\/p>\n<p>DIGITALER PROJEKTMANAGER: D\u00f3ra Gy\u00f6rk\u00f6s, Dorisz Nehrer;<\/p>\n<p>PRODUCTION DIRECTOR, VISUAL EDITOR: Bal\u00e1zs Tokaji;<\/p>\n<p>TEXTS: Audi Hungaria, \u00c1ron Hegyi, Viola Baumann, Dr Petra Jakab, Krist\u00f3f Mez\u0151si, Csilla Lengyel, \u00c1d\u00e1m Pint\u00e9r, Lilla T\u00f3bi\u00e1s;<\/p>\n<p>PHOTOS, ILLUSTRATIONS: AUDI AG, Audi Hungaria, Krist\u00f3f Galg\u00f3czi N\u00e9meth, G\u00e9za Talab\u00e9r, Getty Images Hungary, G\u00e1bor Marcali, Peter O. Jak\u00f3cs;<\/p>\n<p>BEAUTY, STYLING: Judit Fejes-T\u00f3th, Erika Hatos, \u00c1gnes R\u00e9dli, Lilla Schreiter;<\/p>\n<p>LAYOUT, DESIGN: Hamu \u00e9s Gy\u00e9m\u00e1nt Kft.;<\/p>\n<p>LAYOUT EDITOR: Tam\u00e1s T\u00e1rczy;<\/p>\n<p>COPY EDITOR: Orsolya Kriston;<\/p>\n<p>TRANSLATION, LANGUAGE EDITING: Arthur Crane, Christoph Riether, Peter Wei\u00dfenberg, Piscis Aureus Bt.;<\/p>\n<p>PROOFREADING: M\u00e1rta Dud\u00e1s;<\/p>","protected":false},"excerpt":{"rendered":"<p>Imprint PUBLISHER: AUDI HUNGARIA Zrt. (9027 Gy\u0151r, Audi Hung\u00e1ria \u00fat 1., Tel.: +36 96 663 300, e-mail: pr@audi.hu, www.audi.hu.), Corporate Communications: P\u00e9ter L\u0151re; EDITOR-IN-CHIEF: R\u00e9ka Jakab. EDITORS: Krisztina Erd\u00e9lyi, Barbara Moln\u00e1r, Attila R\u00e1cz, Regina Sebesty\u00e9n, Enik\u0151 Tak\u00e1cs, Vivien Tarj\u00e1nyi, Anik\u00f3 T\u00f3th-Kunos, Gregor Wenk. CREATIVE DESIGN AND PROJECT COORDINATION: Hamu \u00e9s Gy\u00e9m\u00e1nt Kft. (1024 Budapest, Margit [&hellip;]<\/p>\n","protected":false},"author":1,"featured_media":0,"parent":0,"menu_order":0,"comment_status":"closed","ping_status":"closed","template":"template-parts\/page-vorwort.php","meta":{"_acf_changed":false,"footnotes":""},"acf":[],"_links":{"self":[{"href":"https:\/\/audihungaria2023.audiportal.hu\/en\/wp-json\/wp\/v2\/pages\/324"}],"collection":[{"href":"https:\/\/audihungaria2023.audiportal.hu\/en\/wp-json\/wp\/v2\/pages"}],"about":[{"href":"https:\/\/audihungaria2023.audiportal.hu\/en\/wp-json\/wp\/v2\/types\/page"}],"author":[{"embeddable":true,"href":"https:\/\/audihungaria2023.audiportal.hu\/en\/wp-json\/wp\/v2\/users\/1"}],"replies":[{"embeddable":true,"href":"https:\/\/audihungaria2023.audiportal.hu\/en\/wp-json\/wp\/v2\/comments?post=324"}],"version-history":[{"count":3,"href":"https:\/\/audihungaria2023.audiportal.hu\/en\/wp-json\/wp\/v2\/pages\/324\/revisions"}],"predecessor-version":[{"id":458,"href":"https:\/\/audihungaria2023.audiportal.hu\/en\/wp-json\/wp\/v2\/pages\/324\/revisions\/458"}],"wp:attachment":[{"href":"https:\/\/audihungaria2023.audiportal.hu\/en\/wp-json\/wp\/v2\/media?parent=324"}],"curies":[{"name":"wp","href":"https:\/\/api.w.org\/{rel}","templated":true}]}}