{"id":195,"date":"2024-04-15T08:45:32","date_gmt":"2024-04-15T08:45:32","guid":{"rendered":"http:\/\/audihungaria2023.local\/dienstleistungen-aus-gyor-fuer-die-welt\/"},"modified":"2024-04-19T14:32:37","modified_gmt":"2024-04-19T14:32:37","slug":"services-from-gyor-to-the-world","status":"publish","type":"page","link":"https:\/\/audihungaria2023.audiportal.hu\/en\/services-from-gyor-to-the-world\/","title":{"rendered":"Services from Gy\u0151r to the world"},"content":{"rendered":"<h1>Betting on the future<\/h1>\n<h3>SCC and AHEAD \u2013 an acronym and an abbreviation making up a strong third pillar for the future. To be more precise: the Audi Hungaria Shared Competence Center and AUDI HUNGARIA AHEAD Kft. As part of a roundtable discussion with Andreas Kattendick and J\u00e1nos Sch\u00e4ffer, the managing directors of AUDI HUNGARIA AHEAD Kft., and Szil\u00e1rd Csepeli, director of SCC Governance, we took a look behind the scenes, as well as at a future full of international competence-based services.<\/h3>\n<p>What does this all mean, exactly? Something truly impressive. Logistical and production SAP operations for all of the European factories in the Volkswagen Group \u2013 44 production sites in total; numerous IT services for the entire Group, available 24 hours a day, across the world; Purchase2Pay, an optimised\u00a0 procurement process from orders to payment \u2013 the list of new services is endless&#8230;<\/p>\n<p><span style=\"color: #e52421;\"><strong>AUDI:<\/strong><\/span> <b>Audi Hungaria has 30 years of success behind it, and has also been involved in providing some of the Volkswagen Group\u2019s international services for more than 15 years. Was this \u2018virtual business\u2019 created to unite these services?<\/b><\/p>\n<p><span style=\"color: #e52421;\"><strong>J\u00e1nos Sch\u00e4ffer:<\/strong><\/span> Our company has three decades of success in powertrain and vehicle production in its portfolio. We have also been providing services for a long time: more than 15 years \u2013 actually closer to 20 \u2013 covering all our business areas. At the same time, what we lacked previously was centralised control and a unified approach.<\/p>\n<p><span style=\"color: #e52421;\"><strong>Andreas Kattendick:<\/strong><\/span> That\u2019s right. Because of the increasingly competitive climate and also our ambitious plans, in 2021 the Shared Competence Center (SCC) was created under joint direction with Audi Hungaria. It handles all of our services that develop the competencies of our colleagues. Through our \u201cFrom Gy\u0151r to the world\u201d strategy, we looked to become even more efficient and focused, and to maximise synergies in providing services for the Volkswagen Group.<\/p>\n<p><span style=\"color: #e52421;\"><strong>AUDI:<\/strong><\/span> <b>In the beginning, what areas helped form this virtual division, the Shared Competence Center (SCC)?<\/b><\/p>\n<p><span style=\"color: #e52421;\"><strong>J\u00e1nos:<\/strong><\/span> The portfolio was incredibly varied and wide-reaching from the start. In addition to two areas of\u00a0 Technical Development \u2013 Drive and Vehicle Production \u2013 we also have Finance, Auditing, IT, and Procurement, as well as product-related areas such as Logistics and Technical Services. We have also added Legal Services, Quality Assurance and our Training Centre, so they now operate at an international level.<\/p>\n<p><span style=\"color: #e52421;\"><strong>AUDI:<\/strong><\/span> <b>The evolution has been continuous. Would you say that this shared virtual space suddenly became too small?<\/b><\/p>\n<p><span style=\"color: #e52421;\"><strong>Andreas:<\/strong><\/span> You could say that. We outgrew the existing frameworks. With the creation of AUDI HUNGARIA\u00a0 AHEAD Kft., we have founded a subsidiary that \u2013 with the competencies of our colleagues as its foundation \u2013 can provide services with superb added value, primarily for clients in the group. This means<br \/>\nwe have achieved an excellent position within the Volkswagen Group both in terms of strategy and the future; a single place where we can create true added value.<\/p>\n","protected":false},"excerpt":{"rendered":"<p>Betting on the future SCC and AHEAD \u2013 an acronym and an abbreviation making up a strong third pillar for the future. To be more precise: the Audi Hungaria Shared Competence Center and AUDI HUNGARIA AHEAD Kft. As part of a roundtable discussion with Andreas Kattendick and J\u00e1nos Sch\u00e4ffer, the managing directors of AUDI HUNGARIA [&hellip;]<\/p>\n","protected":false},"author":1,"featured_media":0,"parent":0,"menu_order":0,"comment_status":"closed","ping_status":"closed","template":"template-parts\/page-dienstleistungen.php","meta":{"_acf_changed":false,"footnotes":""},"acf":[],"_links":{"self":[{"href":"https:\/\/audihungaria2023.audiportal.hu\/en\/wp-json\/wp\/v2\/pages\/195"}],"collection":[{"href":"https:\/\/audihungaria2023.audiportal.hu\/en\/wp-json\/wp\/v2\/pages"}],"about":[{"href":"https:\/\/audihungaria2023.audiportal.hu\/en\/wp-json\/wp\/v2\/types\/page"}],"author":[{"embeddable":true,"href":"https:\/\/audihungaria2023.audiportal.hu\/en\/wp-json\/wp\/v2\/users\/1"}],"replies":[{"embeddable":true,"href":"https:\/\/audihungaria2023.audiportal.hu\/en\/wp-json\/wp\/v2\/comments?post=195"}],"version-history":[{"count":3,"href":"https:\/\/audihungaria2023.audiportal.hu\/en\/wp-json\/wp\/v2\/pages\/195\/revisions"}],"predecessor-version":[{"id":464,"href":"https:\/\/audihungaria2023.audiportal.hu\/en\/wp-json\/wp\/v2\/pages\/195\/revisions\/464"}],"wp:attachment":[{"href":"https:\/\/audihungaria2023.audiportal.hu\/en\/wp-json\/wp\/v2\/media?parent=195"}],"curies":[{"name":"wp","href":"https:\/\/api.w.org\/{rel}","templated":true}]}}