{"id":91,"date":"2024-04-15T10:05:13","date_gmt":"2024-04-15T10:05:13","guid":{"rendered":"http:\/\/audihungaria2023.local\/?page_id=91"},"modified":"2024-04-30T08:51:07","modified_gmt":"2024-04-30T08:51:07","slug":"premium-platform-electric","status":"publish","type":"page","link":"https:\/\/audihungaria2023.audiportal.hu\/de\/premium-platform-electric\/","title":{"rendered":"Premium Platform Electric"},"content":{"rendered":"<h1 class=\"wp-block-heading esg-title\">PPE \u2013 der Beginn einer neuen \u00c4ra<\/h1>\n\n\n<h3 class=\"wp-block-heading\">Technische Entwicklung, Motorenanlaufcenter, Fertigungsplanung, Produktion und Qualit\u00e4tssicherung: In einer kongenialen Zusammenarbeit dieser Bereiche ist bei Audi Hungaria eine innovative Generation neuer Elektroantriebe entstanden. Ein exklusiver Einblick in einen kreativen Prozess, der normalerweise f\u00fcr Externe unzug\u00e4nglich ist.<\/h3>\n\n\n\n<p>Die Geschichte von Audi Hungaria beginnt 1993 mit einem kleinen, feinen Motorenwerk. Daraus hat sich in den vergangenen 30 Jahren der gr\u00f6\u00dfte Antriebshersteller der Welt und eines der modernsten Fahrzeugwerke entwickelt \u2013 aber noch viel mehr: Unsere eigene Technische Entwicklung, Premium-Werkzeugbau und weltweites Serviceangebot geh\u00f6ren beispielsweise ebenfalls zum Angebots-Portfolio. Ein starkes Team von mehr als 12.000 Mitarbeitenden ist heute entschlossen und erfolgreich unterwegs, um die Transformation der Autoindustrie entscheidend mitzugestalten. Der beste Beweis daf\u00fcr ist der feierliche Produktionsstart unserer neuen Generation von Elektromotoren im November 2023: Hunderte geladener G\u00e4ste haben dabei gemeinsam mit unserem Unternehmen, das am selben Tag sein 30-j\u00e4hriges Bestehen feierte, im Rahmen einer beeindruckenden Show eine neue \u00c4ra der Elektromobilit\u00e4t eingel\u00e4utet.<\/p>\n","protected":false},"excerpt":{"rendered":"<p>PPE \u2013 der Beginn einer neuen \u00c4ra Technische Entwicklung, Motorenanlaufcenter, Fertigungsplanung, Produktion und Qualit\u00e4tssicherung: In einer kongenialen Zusammenarbeit dieser Bereiche ist bei Audi Hungaria eine innovative Generation neuer Elektroantriebe entstanden. Ein exklusiver Einblick in einen kreativen Prozess, der normalerweise f\u00fcr Externe unzug\u00e4nglich ist. Die Geschichte von Audi Hungaria beginnt 1993 mit einem kleinen, feinen Motorenwerk. [&hellip;]<\/p>\n","protected":false},"author":1,"featured_media":0,"parent":0,"menu_order":0,"comment_status":"closed","ping_status":"closed","template":"template-parts\/page-premium-platform.php","meta":{"_acf_changed":false,"footnotes":""},"acf":[],"_links":{"self":[{"href":"https:\/\/audihungaria2023.audiportal.hu\/de\/wp-json\/wp\/v2\/pages\/91"}],"collection":[{"href":"https:\/\/audihungaria2023.audiportal.hu\/de\/wp-json\/wp\/v2\/pages"}],"about":[{"href":"https:\/\/audihungaria2023.audiportal.hu\/de\/wp-json\/wp\/v2\/types\/page"}],"author":[{"embeddable":true,"href":"https:\/\/audihungaria2023.audiportal.hu\/de\/wp-json\/wp\/v2\/users\/1"}],"replies":[{"embeddable":true,"href":"https:\/\/audihungaria2023.audiportal.hu\/de\/wp-json\/wp\/v2\/comments?post=91"}],"version-history":[{"count":14,"href":"https:\/\/audihungaria2023.audiportal.hu\/de\/wp-json\/wp\/v2\/pages\/91\/revisions"}],"predecessor-version":[{"id":669,"href":"https:\/\/audihungaria2023.audiportal.hu\/de\/wp-json\/wp\/v2\/pages\/91\/revisions\/669"}],"wp:attachment":[{"href":"https:\/\/audihungaria2023.audiportal.hu\/de\/wp-json\/wp\/v2\/media?parent=91"}],"curies":[{"name":"wp","href":"https:\/\/api.w.org\/{rel}","templated":true}]}}