{"id":59,"date":"2024-04-15T09:19:01","date_gmt":"2024-04-15T09:19:01","guid":{"rendered":"http:\/\/audihungaria2023.local\/?page_id=59"},"modified":"2024-04-29T06:59:57","modified_gmt":"2024-04-29T06:59:57","slug":"next-level-strategie","status":"publish","type":"page","link":"https:\/\/audihungaria2023.audiportal.hu\/de\/next-level-strategie\/","title":{"rendered":"Next Level Strategie"},"content":{"rendered":"<h1>Volle Fahrt zum Next Level<\/h1>\n<h3>Audi Hungaria Next Level: Unsere neue Strategie startete 2022 mit einem \u201eTestlauf\u201c.\u00a0 2023 war das Jahr der Umsetzung. Mit welchen Zielsetzungen, Ergebnissen, Teilerfolgen und Lehren haben wir nach zw\u00f6lf Monaten geschlossen? Auf diese Fragen antworten wir mit einem Res\u00fcmee, das Parallelen zur Welt der Seefahrt aufzeigt. Die Gedanken von Erich Auer, Leiter Unternehmensstrategie, vervollst\u00e4ndigen den \u00dcberblick.<\/h3>\n","protected":false},"excerpt":{"rendered":"<p>Volle Fahrt zum Next Level Audi Hungaria Next Level: Unsere neue Strategie startete 2022 mit einem \u201eTestlauf\u201c.\u00a0 2023 war das Jahr der Umsetzung. Mit welchen Zielsetzungen, Ergebnissen, Teilerfolgen und Lehren haben wir nach zw\u00f6lf Monaten geschlossen? Auf diese Fragen antworten wir mit einem Res\u00fcmee, das Parallelen zur Welt der Seefahrt aufzeigt. Die Gedanken von Erich [&hellip;]<\/p>\n","protected":false},"author":1,"featured_media":0,"parent":0,"menu_order":0,"comment_status":"closed","ping_status":"closed","template":"template-parts\/page-next-level.php","meta":{"_acf_changed":false,"footnotes":""},"acf":[],"_links":{"self":[{"href":"https:\/\/audihungaria2023.audiportal.hu\/de\/wp-json\/wp\/v2\/pages\/59"}],"collection":[{"href":"https:\/\/audihungaria2023.audiportal.hu\/de\/wp-json\/wp\/v2\/pages"}],"about":[{"href":"https:\/\/audihungaria2023.audiportal.hu\/de\/wp-json\/wp\/v2\/types\/page"}],"author":[{"embeddable":true,"href":"https:\/\/audihungaria2023.audiportal.hu\/de\/wp-json\/wp\/v2\/users\/1"}],"replies":[{"embeddable":true,"href":"https:\/\/audihungaria2023.audiportal.hu\/de\/wp-json\/wp\/v2\/comments?post=59"}],"version-history":[{"count":12,"href":"https:\/\/audihungaria2023.audiportal.hu\/de\/wp-json\/wp\/v2\/pages\/59\/revisions"}],"predecessor-version":[{"id":638,"href":"https:\/\/audihungaria2023.audiportal.hu\/de\/wp-json\/wp\/v2\/pages\/59\/revisions\/638"}],"wp:attachment":[{"href":"https:\/\/audihungaria2023.audiportal.hu\/de\/wp-json\/wp\/v2\/media?parent=59"}],"curies":[{"name":"wp","href":"https:\/\/api.w.org\/{rel}","templated":true}]}}