{"id":45,"date":"2024-04-15T08:45:32","date_gmt":"2024-04-15T08:45:32","guid":{"rendered":"http:\/\/audihungaria2023.local\/?page_id=45"},"modified":"2024-04-29T12:16:55","modified_gmt":"2024-04-29T12:16:55","slug":"dienstleistungen-aus-gyor-fuer-die-welt","status":"publish","type":"page","link":"https:\/\/audihungaria2023.audiportal.hu\/de\/dienstleistungen-aus-gyor-fuer-die-welt\/","title":{"rendered":"Dienstleistungen aus Gy\u0151r f\u00fcr Die Welt"},"content":{"rendered":"<h1>Volle Fahrt AHEAD<\/h1>\n<h3>Zwei K\u00fcrzel, eine starke dritte S\u00e4ule f\u00fcr die Zukunft: SCC und AHEAD stehen f\u00fcr Audi Hungaria Shared Competence Center und AUDI HUNGARIA AHEAD Kft. Andreas Kattendick und J\u00e1nos Sch\u00e4ffer, Gesch\u00e4ftsf\u00fchrer der AUDI HUNGARIA AHEAD Kft., blicken gemeinsam mit Szil\u00e1rd Csepeli, Leiter des SCC Governance, im Gespr\u00e4ch hinter die Kulissen der starken Einheiten \u2013 und damit zugleich in eine buchst\u00e4blich weltver\u00e4ndernde Zukunft internationaler, kompetenzbasierter Dienstleistungen.<\/h3>\n<p>Was genau steckt hinter all den Buchstabenk\u00fcrzeln? Es ist etwas ganz Gro\u00dfes: Denn der SAP-Betrieb von Logistik und Produktion f\u00fcr alle europ\u00e4ischen Werke des Volkswagen Konzerns, er umfasst 44 Produktionsstandorte \u2013 und damit verbunden zahlreiche IT-Services, die konzernweit und weltweit rund um die Uhr verf\u00fcgbar sind. Das Schlagwort dabei hei\u00dft Purchase2pay; dahinter steckt ein optimierter Beschaffungsprozess von der Bestellung bis zur Bezahlung. Wir k\u00f6nnten noch weitere faszinierende Fakten aufz\u00e4hlen, doch geben wir den Lenkern dieser Einheiten einfach selbst das Wort &#8230;<\/p>\n<p><span style=\"color: #e52421;\"><strong>AUDI:<\/strong><\/span> <b>Audi Hungaria kann auf eine 30-j\u00e4hrige Erfolgsgeschichte zur\u00fcckblicken, \u00fcber f\u00fcnfzehn Jahre davon ist das Unternehmen mit seinen internationalen Dienstleistungen bereits im Volkswagen Konzern vertreten. Ist der virtuelle Gesch\u00e4ftszweig das Ergebnis von all dem?<\/b><\/p>\n<p><span style=\"color: #e52421;\"><strong>J\u00e1nos Sch\u00e4ffer:<\/strong><\/span> Bei unserem Unternehmen, das in der Antriebs- und Fahrzeugfertigung erfolgreich ist, geh\u00f6ren Dienstleistungen schon lange zum Portfolio, nicht erst seit 15, sondern schon seit bald 20 Jahren. Sie erstrecken sich auf alle unsere Gesch\u00e4ftsbereiche. Bislang fehlte es jedoch an einem zentralen Management und an einem gemeinsamen Auftreten.<\/p>\n<p><span style=\"color: #e52421;\"><strong>Andreas Kattendick:<\/strong><\/span> Das ist richtig. Und wie es der immer st\u00e4rker werdende Wettbewerb und unsere ehrgeizigen Zukunftspl\u00e4ne verlangten, haben wir 2021 die gemeinsam mit der Audi Hungaria gef\u00fchrte virtuelle Gesch\u00e4ftseinheit ins Leben gerufen: das Shared Competence Center (SCC) \u2013 mit allen Dienstleistungen, die wir auf Grundlage der Kompetenzen unserer Mitarbeitenden anbieten. In diesem Rahmen und im Einklang mit unserer Strategie \u201eAus Gy\u0151r f\u00fcr die Welt\u201c bieten wir dem Volkswagen Konzern noch effizientere und zielgenauere Dienstleistungen unter maximaler Nutzung von Synergieeffekten.<\/p>\n<p><span style=\"color: #e52421;\"><strong>AUDI:<\/strong><\/span>\u00a0<b>Aus welchen Bereichen setzte sich dieser virtuelle Gesch\u00e4ftsbereich, das Shared Competence Center (SCC), anfangs zusammen?<\/b><\/p>\n<p><span style=\"color: #e52421;\"><strong>J\u00e1nos:<\/strong><\/span> Schon zu Beginn war das Portfolio sehr vielf\u00e4ltig und umfassend: Zu unseren beiden Bereichen der Technischen Entwicklung \u2013 Aggregate- und Fahrzeugentwicklung \u2013 kamen sukzessive noch\u00a0 Finanzen, Controlling, IT, Beschaffung und produktionsnahe Bereiche wie die Logistik und der Technische Service\u00a0 hinzu. Ferner haben sich auch Rechtsservice, die Qualit\u00e4tssicherung oder unser Ausbildungszentrum angeschlossen und ihre Aktivit\u00e4ten auf ein internationales Niveau gehoben.<\/p>\n<p><span style=\"color: #e52421;\"><strong>AUDI:<\/strong><\/span>\u00a0<b>Die Entwicklung war also kontinuierlich. Ist der virtuelle Raum, den wir gemeinsam aufgebaut haben, pl\u00f6tzlich zu klein geworden?<\/b><\/p>\n<p><span style=\"color: #e52421;\"><strong>Andreas:<\/strong><\/span> Das k\u00f6nnte man sagen. Wir sind \u00fcber unseren Rahmen hinausgewachsen. Mit der Gr\u00fcndung der AUDI HUNGARIA AHEAD Kft. haben wir deshalb eine Tochtergesellschaft geschaffen; sie kann auf Basis der Kompetenzen unserer Mitarbeitenden Dienstleistungen mit hohem Mehrwert erbringen, vor allem f\u00fcr Kunden des Konzerns. Damit stellen wir f\u00fcr die breite Nachfrage im Volkswagen Konzern ein starkes und umfassendes Angebotsportfolio bereit, sind so strategisch gut f\u00fcr die Zukunft aufgestellt und schaffen einen echten Mehrwert.<\/p>\n","protected":false},"excerpt":{"rendered":"<p>Volle Fahrt AHEAD Zwei K\u00fcrzel, eine starke dritte S\u00e4ule f\u00fcr die Zukunft: SCC und AHEAD stehen f\u00fcr Audi Hungaria Shared Competence Center und AUDI HUNGARIA AHEAD Kft. Andreas Kattendick und J\u00e1nos Sch\u00e4ffer, Gesch\u00e4ftsf\u00fchrer der AUDI HUNGARIA AHEAD Kft., blicken gemeinsam mit Szil\u00e1rd Csepeli, Leiter des SCC Governance, im Gespr\u00e4ch hinter die Kulissen der starken Einheiten [&hellip;]<\/p>\n","protected":false},"author":1,"featured_media":0,"parent":0,"menu_order":0,"comment_status":"closed","ping_status":"closed","template":"template-parts\/page-dienstleistungen.php","meta":{"_acf_changed":false,"footnotes":""},"acf":[],"_links":{"self":[{"href":"https:\/\/audihungaria2023.audiportal.hu\/de\/wp-json\/wp\/v2\/pages\/45"}],"collection":[{"href":"https:\/\/audihungaria2023.audiportal.hu\/de\/wp-json\/wp\/v2\/pages"}],"about":[{"href":"https:\/\/audihungaria2023.audiportal.hu\/de\/wp-json\/wp\/v2\/types\/page"}],"author":[{"embeddable":true,"href":"https:\/\/audihungaria2023.audiportal.hu\/de\/wp-json\/wp\/v2\/users\/1"}],"replies":[{"embeddable":true,"href":"https:\/\/audihungaria2023.audiportal.hu\/de\/wp-json\/wp\/v2\/comments?post=45"}],"version-history":[{"count":12,"href":"https:\/\/audihungaria2023.audiportal.hu\/de\/wp-json\/wp\/v2\/pages\/45\/revisions"}],"predecessor-version":[{"id":644,"href":"https:\/\/audihungaria2023.audiportal.hu\/de\/wp-json\/wp\/v2\/pages\/45\/revisions\/644"}],"wp:attachment":[{"href":"https:\/\/audihungaria2023.audiportal.hu\/de\/wp-json\/wp\/v2\/media?parent=45"}],"curies":[{"name":"wp","href":"https:\/\/api.w.org\/{rel}","templated":true}]}}