{"id":155,"date":"2024-04-16T07:42:24","date_gmt":"2024-04-16T07:42:24","guid":{"rendered":"http:\/\/audihungaria2023.local\/?page_id=155"},"modified":"2024-04-19T11:37:56","modified_gmt":"2024-04-19T11:37:56","slug":"impressum","status":"publish","type":"page","link":"https:\/\/audihungaria2023.audiportal.hu\/de\/impressum\/","title":{"rendered":"Impressum"},"content":{"rendered":"\n<h2 class=\"wp-block-heading\">Impressum<\/h2>\n\n\n<p>HERAUSGEBER: AUDI HUNGARIA Zrt. (9027 Gy\u0151r, Audi Hung\u00e1ria \u00fat 1., Tel.: +36 96 663 300, E-Mail: <a href=\"mailto:pr@audi.hu\">pr@audi.hu<\/a>, Website: <a href=\"http:\/\/www.audi.hu\">www.audi.hu<\/a>.)<\/p>\n<p>Unternehmenskommunikation: P\u00e9ter L\u0151re;<\/p>\n<p>CHEFREDAKTEURIN: R\u00e9ka Jakab;<\/p>\n<p>REDAKTION: Krisztina Erd\u00e9lyi, Barbara Moln\u00e1r, Attila R\u00e1cz, Regina Sebesty\u00e9n, Enik\u0151 Tak\u00e1cs, Vivien Tarj\u00e1nyi, Anik\u00f3 T\u00f3th-Kunos, Gregor Wenk.<\/p>\n<p>KREATIV-KONZEPTION UND GESAMTKOORDINATION: Hamu \u00e9s Gy\u00e9m\u00e1nt Kft. (1024 Budapest, Margit krt.5\/a.);<\/p>\n<p>GESCH\u00c4FTSF\u00dcHRER: Gergely Katona;<\/p>\n<p>CHEFREDAKTEURIN: T\u00fcnde Szarka;<\/p>\n<p>DIGITAL PROJECT MANAGER: D\u00f3ra Gy\u00f6rk\u00f6s, Dorisz Nehrer;<\/p>\n<p>PRODUKTION, BILDREDAKTION: Bal\u00e1zs Tokaji;<\/p>\n<p>TEXTE: Audi Hungaria, \u00c1ron Hegyi, Viola Baumann, Dr. Petra Jakab, Csilla Lengyel, Lilla T\u00f3bi\u00e1s;<\/p>\n<p>FOTOS, ILLUSTRATIONEN: AUDI AG, Audi Hungaria, Krist\u00f3f Mez\u0151si, Krist\u00f3f Galg\u00f3czi N\u00e9meth, \u00c1d\u00e1m Pint\u00e9r, G\u00e9za Talab\u00e9r, Getty Images Hungary, G\u00e1bor Marcali, P\u00e9ter O. Jak\u00f3cs;<\/p>\n<p>BEAUTY, STYLING: Judit Fejes-T\u00f3th, Erika Hatos, \u00c1gnes R\u00e9dli, Lilla Schreiter;<\/p>\n<p>LAYOUT, DESIGN: Hamu \u00e9s Gy\u00e9m\u00e1nt Kft.;<\/p>\n<p>LEITER DER REDAKTION: Tam\u00e1s T\u00e1rczy;<\/p>\n<p>LEKTORAT: Orsolya Kriston;<\/p>\n<p>\u00dcBERSETZUNG, LEKTORAT: Arthur Crane, Christoph Riether, Peter Wei\u00dfenberg, Piscis Aureus Bt.;<\/p>\n<p>KORREKTORAT: M\u00e1rta Dud\u00e1s;<\/p>\n<p>DRUCKEREI: Pauker Nyomdaipari Kft. (1047 Budapest, Baross u 11-15.)<\/p>","protected":false},"excerpt":{"rendered":"<p>Impressum HERAUSGEBER: AUDI HUNGARIA Zrt. (9027 Gy\u0151r, Audi Hung\u00e1ria \u00fat 1., Tel.: +36 96 663 300, E-Mail: pr@audi.hu, Website: www.audi.hu.) Unternehmenskommunikation: P\u00e9ter L\u0151re; CHEFREDAKTEURIN: R\u00e9ka Jakab; REDAKTION: Krisztina Erd\u00e9lyi, Barbara Moln\u00e1r, Attila R\u00e1cz, Regina Sebesty\u00e9n, Enik\u0151 Tak\u00e1cs, Vivien Tarj\u00e1nyi, Anik\u00f3 T\u00f3th-Kunos, Gregor Wenk. KREATIV-KONZEPTION UND GESAMTKOORDINATION: Hamu \u00e9s Gy\u00e9m\u00e1nt Kft. (1024 Budapest, Margit krt.5\/a.); GESCH\u00c4FTSF\u00dcHRER: [&hellip;]<\/p>\n","protected":false},"author":1,"featured_media":0,"parent":0,"menu_order":0,"comment_status":"closed","ping_status":"closed","template":"template-parts\/page-vorwort.php","meta":{"_acf_changed":false,"footnotes":""},"acf":[],"_links":{"self":[{"href":"https:\/\/audihungaria2023.audiportal.hu\/de\/wp-json\/wp\/v2\/pages\/155"}],"collection":[{"href":"https:\/\/audihungaria2023.audiportal.hu\/de\/wp-json\/wp\/v2\/pages"}],"about":[{"href":"https:\/\/audihungaria2023.audiportal.hu\/de\/wp-json\/wp\/v2\/types\/page"}],"author":[{"embeddable":true,"href":"https:\/\/audihungaria2023.audiportal.hu\/de\/wp-json\/wp\/v2\/users\/1"}],"replies":[{"embeddable":true,"href":"https:\/\/audihungaria2023.audiportal.hu\/de\/wp-json\/wp\/v2\/comments?post=155"}],"version-history":[{"count":3,"href":"https:\/\/audihungaria2023.audiportal.hu\/de\/wp-json\/wp\/v2\/pages\/155\/revisions"}],"predecessor-version":[{"id":438,"href":"https:\/\/audihungaria2023.audiportal.hu\/de\/wp-json\/wp\/v2\/pages\/155\/revisions\/438"}],"wp:attachment":[{"href":"https:\/\/audihungaria2023.audiportal.hu\/de\/wp-json\/wp\/v2\/media?parent=155"}],"curies":[{"name":"wp","href":"https:\/\/api.w.org\/{rel}","templated":true}]}}