{"id":12,"date":"2024-04-12T07:43:58","date_gmt":"2024-04-12T07:43:58","guid":{"rendered":"http:\/\/audihungaria2023.local\/?page_id=12"},"modified":"2024-04-29T06:55:21","modified_gmt":"2024-04-29T06:55:21","slug":"vorwort","status":"publish","type":"page","link":"https:\/\/audihungaria2023.audiportal.hu\/de\/vorwort\/","title":{"rendered":"Vorwort"},"content":{"rendered":"\n<h2 class=\"wp-block-heading\">Liebe Leserin, lieber Leser,<\/h2>\n\n\n\n<p>das Jahr 2023 hat uns in die Vergangenheit gef\u00fchrt, als wir anl\u00e4sslich des 30-j\u00e4hrigen Jubil\u00e4ums unseres Unternehmens auf die Erfolgsgeschichte der Audi Hungaria und die Highlights der drei Jahrzehnte zur\u00fcckgeblickt haben. Wir haben nicht nur die Vergangenheit aufleben lassen, sondern auch mit voller Kraft daran gearbeitet, unser Unternehmen und unsere Mitarbeitenden auf die neue \u00c4ra der Automobilindustrie vorzubereiten. Dabei konnten wir 2023 eine ganze Reihe wichtiger Meilensteine erreichen. In der diesj\u00e4hrigen Ausgabe bringen wir Vergangenheit, Gegenwart und Zukunft zusammen und nehmen unsere Leserinnen und Leser mit auf eine Reise durch die bunte Welt der Audi Hungaria, durch wichtige Momente in unserem Leben und geben gleichzeitig einen Ausblick auf die spannende und herausfordernde Zukunft unseres Unternehmens. Wir w\u00fcnschen Ihnen eine angenehme Lekt\u00fcre!<\/p>\n","protected":false},"excerpt":{"rendered":"<p>Liebe Leserin, lieber Leser, das Jahr 2023 hat uns in die Vergangenheit gef\u00fchrt, als wir anl\u00e4sslich des 30-j\u00e4hrigen Jubil\u00e4ums unseres Unternehmens auf die Erfolgsgeschichte der Audi Hungaria und die Highlights der drei Jahrzehnte zur\u00fcckgeblickt haben. Wir haben nicht nur die Vergangenheit aufleben lassen, sondern auch mit voller Kraft daran gearbeitet, unser Unternehmen und unsere Mitarbeitenden [&hellip;]<\/p>\n","protected":false},"author":1,"featured_media":0,"parent":0,"menu_order":0,"comment_status":"closed","ping_status":"closed","template":"template-parts\/page-vorwort.php","meta":{"_acf_changed":false,"footnotes":""},"acf":[],"_links":{"self":[{"href":"https:\/\/audihungaria2023.audiportal.hu\/de\/wp-json\/wp\/v2\/pages\/12"}],"collection":[{"href":"https:\/\/audihungaria2023.audiportal.hu\/de\/wp-json\/wp\/v2\/pages"}],"about":[{"href":"https:\/\/audihungaria2023.audiportal.hu\/de\/wp-json\/wp\/v2\/types\/page"}],"author":[{"embeddable":true,"href":"https:\/\/audihungaria2023.audiportal.hu\/de\/wp-json\/wp\/v2\/users\/1"}],"replies":[{"embeddable":true,"href":"https:\/\/audihungaria2023.audiportal.hu\/de\/wp-json\/wp\/v2\/comments?post=12"}],"version-history":[{"count":6,"href":"https:\/\/audihungaria2023.audiportal.hu\/de\/wp-json\/wp\/v2\/pages\/12\/revisions"}],"predecessor-version":[{"id":635,"href":"https:\/\/audihungaria2023.audiportal.hu\/de\/wp-json\/wp\/v2\/pages\/12\/revisions\/635"}],"wp:attachment":[{"href":"https:\/\/audihungaria2023.audiportal.hu\/de\/wp-json\/wp\/v2\/media?parent=12"}],"curies":[{"name":"wp","href":"https:\/\/api.w.org\/{rel}","templated":true}]}}