{"id":117,"date":"2024-04-15T10:25:34","date_gmt":"2024-04-15T10:25:34","guid":{"rendered":"http:\/\/audihungaria2023.local\/?page_id=117"},"modified":"2024-04-29T12:41:12","modified_gmt":"2024-04-29T12:41:12","slug":"vernetzung-in-der-organisation","status":"publish","type":"page","link":"https:\/\/audihungaria2023.audiportal.hu\/de\/vernetzung-in-der-organisation\/","title":{"rendered":"Vernetzung in der Organisation"},"content":{"rendered":"\n<p>Innovation ist oft ganz individuell: Ver\u00e4nderungen und Transformationsprozesse werden in der Regel von Menschen angesto\u00dfen, die aus eigenen Vorlieben und innerer Motivation neue Dinge lernen, Ver\u00e4nderungen proaktiv managen und durch ihren Einsatz f\u00fcr Fortschritt andere Menschen mitrei\u00dfen k\u00f6nnen. Diese dynamischen Prozesse d\u00fcrfen jedoch nicht als selbstverst\u00e4ndlich betrachtet werden. Das Unternehmen tr\u00e4gt eine gro\u00dfe Verantwortung, solche individuellen Bestrebungen zu erkennen und Mitarbeitende zu ermutigen, ihr erworbenes Wissen und die eigenen F\u00e4higkeiten mit dem Rest der Gemeinschaft zu teilen. Schlie\u00dflich k\u00f6nnen in jeder und jedem verborgene Ressourcen und M\u00f6glichkeiten schlummern, die bisher noch nicht genutzt wurden \u2013 die aber f\u00fcr die Organisation wichtig sind. Was ist also entscheidend wichtig, damit eine Organisation langfristig erfolgreich bleibt? Die ganze Organisation soll sich entsprechend den aktuellen Bed\u00fcrfnissen ver\u00e4ndern und weiterentwickeln \u2013 und das bedeutet mehr als nur das Optimieren vieler Arbeitspl\u00e4tze oder des Organigramms. Diese Entwicklung betrifft in vielschichtiger Weise alle Arbeitspl\u00e4tze und die gesamte Struktur. Unser Unternehmen beherzigt diese Erkenntnis \u2013 und setzt sie konsequent um, so Andr\u00e1s T\u00f3th, Leiter Organisationsentwicklung: \u201eInnerhalb der Audi Hungaria haben sich die Auswirkungen dieser Prozesse in den letzten Jahren in mehreren Bereichen gezeigt \u2013 man denke nur an den \u00dcbergang vom Verbrennungsmotor zur Elektromobilit\u00e4t oder an die deutliche Verlagerung in die Welt der Dienstleistungen mit dem Shared Competence Center; dort haben wir Mitarbeitende, die bisher in anderen Bereichen t\u00e4tig waren, in den Dienstleistungsbetrieb einbezogen.\u201c<\/p>\n","protected":false},"excerpt":{"rendered":"<p>Innovation ist oft ganz individuell: Ver\u00e4nderungen und Transformationsprozesse werden in der Regel von Menschen angesto\u00dfen, die aus eigenen Vorlieben und innerer Motivation neue Dinge lernen, Ver\u00e4nderungen proaktiv managen und durch ihren Einsatz f\u00fcr Fortschritt andere Menschen mitrei\u00dfen k\u00f6nnen. Diese dynamischen Prozesse d\u00fcrfen jedoch nicht als selbstverst\u00e4ndlich betrachtet werden. Das Unternehmen tr\u00e4gt eine gro\u00dfe Verantwortung, solche [&hellip;]<\/p>\n","protected":false},"author":1,"featured_media":0,"parent":0,"menu_order":0,"comment_status":"closed","ping_status":"closed","template":"template-parts\/page-vernetzung.php","meta":{"_acf_changed":false,"footnotes":""},"acf":[],"_links":{"self":[{"href":"https:\/\/audihungaria2023.audiportal.hu\/de\/wp-json\/wp\/v2\/pages\/117"}],"collection":[{"href":"https:\/\/audihungaria2023.audiportal.hu\/de\/wp-json\/wp\/v2\/pages"}],"about":[{"href":"https:\/\/audihungaria2023.audiportal.hu\/de\/wp-json\/wp\/v2\/types\/page"}],"author":[{"embeddable":true,"href":"https:\/\/audihungaria2023.audiportal.hu\/de\/wp-json\/wp\/v2\/users\/1"}],"replies":[{"embeddable":true,"href":"https:\/\/audihungaria2023.audiportal.hu\/de\/wp-json\/wp\/v2\/comments?post=117"}],"version-history":[{"count":9,"href":"https:\/\/audihungaria2023.audiportal.hu\/de\/wp-json\/wp\/v2\/pages\/117\/revisions"}],"predecessor-version":[{"id":657,"href":"https:\/\/audihungaria2023.audiportal.hu\/de\/wp-json\/wp\/v2\/pages\/117\/revisions\/657"}],"wp:attachment":[{"href":"https:\/\/audihungaria2023.audiportal.hu\/de\/wp-json\/wp\/v2\/media?parent=117"}],"curies":[{"name":"wp","href":"https:\/\/api.w.org\/{rel}","templated":true}]}}