{"id":104,"date":"2024-04-15T10:18:19","date_gmt":"2024-04-15T10:18:19","guid":{"rendered":"http:\/\/audihungaria2023.local\/?page_id=104"},"modified":"2024-04-29T07:56:53","modified_gmt":"2024-04-29T07:56:53","slug":"diversity","status":"publish","type":"page","link":"https:\/\/audihungaria2023.audiportal.hu\/de\/diversity\/","title":{"rendered":"Diversity"},"content":{"rendered":"\n<h1 class=\"wp-block-heading\">Erfolgsfaktor Diversit\u00e4t<\/h1>\n\n\n\n<h3 class=\"wp-block-heading\">F\u00fcr Audi Hungaria ist Diversit\u00e4t ein Schl\u00fcssel f\u00fcr nachhaltigen Erfolg. Deshalb ist es eines unserer wichtigsten Ziele, ein integratives Unternehmen zu sein; jede und jeder soll sich willkommen und wertgesch\u00e4tzt f\u00fchlen. Was bedeutet Diversit\u00e4t konkret f\u00fcr uns? Auf den folgenden Seiten geben wir Antworten \u2013 und Mitarbeitende beschreiben, was Diversit\u00e4t f\u00fcr sie im t\u00e4glichen usammenleben bedeutet.<\/h3>\n\n\n\n<p>Diversit\u00e4t, das ist ein komplexes Thema \u2013 bezieht es sich doch auf eine Kombination unterschiedlicher Denkweisen, F\u00e4higkeiten, menschlicher Eigenschaften, kultureller Eigenheiten und Kompetenzen. Es ist uns dabei wichtig, dass die Partnerschaft in den Teams bei Audi Hungaria auf gegenseitiger Akzeptanz und Toleranz beruht. Das erfordert Offenheit und Anpassungsf\u00e4higkeit und erm\u00f6glicht so Kreativit\u00e4t und Innovation auf h\u00f6chstem Niveau. Diversit\u00e4t f\u00f6rdert dadurch das Entwickeln neuer Gesch\u00e4ftsmodelle und ist ein Schl\u00fcssel f\u00fcr unsere langfristige Wettbewerbsf\u00e4higkeit. Denn mit dieser Grundhaltung verstehen wir auch die unterschiedlichen Erwartungen unserer Kunden in ihrer ganzen Vielf\u00e4ltigkeit.<\/p>\n\n\n\n<p>Audi Hungaria ist sich der Bedeutung von Diversit\u00e4t als Eckpfeiler sozialer Nachhaltigkeit bewusst \u2013 und erkennt den positiven Einfluss auf die Unternehmenskultur und einen attraktiveren Arbeitsplatz. Darum f\u00f6rdern wir in allen Bereichen unserer T\u00e4tigkeit respektvolle und partnerschaftliche Beziehungen, Vielfalt und Toleranz.<\/p>\n\n\n\n<p><strong>Was bedeutet dies in der Praxis?<\/strong><br><p class=\"SDLauftext\" align=\"left\" style=\"text-indent: 0cm;\"><span style=\"letter-spacing: -0.15pt;\">Das Unternehmen f\u00f6rdert aktiv Diversit\u00e4t und schafft ein integratives Umfeld. Wie auch in anderen Konzernunternehmen setzen wir dazu einen Diversity&amp;Inclusion Officer ein, der bei der Umsetzung des komplexen Themas hilft. Audi Hungaria ist stolz darauf, ein Unternehmen zu sein, in dem Glaubw\u00fcrdigkeit und Zusammenhalt wichtig sind. Es ist uns essenziell, ein integratives Unternehmen zu sein. Jeder und jede<br>kann sich bei uns in Gy\u0151r verwirklichen und alles einbringen, was seine Pers\u00f6nlichkeit auszeichnet.\u00a0 <\/span><\/p><br><\/p>\n","protected":false},"excerpt":{"rendered":"<p>Erfolgsfaktor Diversit\u00e4t F\u00fcr Audi Hungaria ist Diversit\u00e4t ein Schl\u00fcssel f\u00fcr nachhaltigen Erfolg. Deshalb ist es eines unserer wichtigsten Ziele, ein integratives Unternehmen zu sein; jede und jeder soll sich willkommen und wertgesch\u00e4tzt f\u00fchlen. Was bedeutet Diversit\u00e4t konkret f\u00fcr uns? Auf den folgenden Seiten geben wir Antworten \u2013 und Mitarbeitende beschreiben, was Diversit\u00e4t f\u00fcr sie im [&hellip;]<\/p>\n","protected":false},"author":1,"featured_media":0,"parent":0,"menu_order":0,"comment_status":"closed","ping_status":"closed","template":"template-parts\/page-diversity.php","meta":{"_acf_changed":false,"footnotes":""},"acf":[],"_links":{"self":[{"href":"https:\/\/audihungaria2023.audiportal.hu\/de\/wp-json\/wp\/v2\/pages\/104"}],"collection":[{"href":"https:\/\/audihungaria2023.audiportal.hu\/de\/wp-json\/wp\/v2\/pages"}],"about":[{"href":"https:\/\/audihungaria2023.audiportal.hu\/de\/wp-json\/wp\/v2\/types\/page"}],"author":[{"embeddable":true,"href":"https:\/\/audihungaria2023.audiportal.hu\/de\/wp-json\/wp\/v2\/users\/1"}],"replies":[{"embeddable":true,"href":"https:\/\/audihungaria2023.audiportal.hu\/de\/wp-json\/wp\/v2\/comments?post=104"}],"version-history":[{"count":5,"href":"https:\/\/audihungaria2023.audiportal.hu\/de\/wp-json\/wp\/v2\/pages\/104\/revisions"}],"predecessor-version":[{"id":639,"href":"https:\/\/audihungaria2023.audiportal.hu\/de\/wp-json\/wp\/v2\/pages\/104\/revisions\/639"}],"wp:attachment":[{"href":"https:\/\/audihungaria2023.audiportal.hu\/de\/wp-json\/wp\/v2\/media?parent=104"}],"curies":[{"name":"wp","href":"https:\/\/api.w.org\/{rel}","templated":true}]}}